{"id":981,"date":"2025-03-25T14:32:12","date_gmt":"2025-03-25T14:32:12","guid":{"rendered":"https:\/\/oncologie-bio.org\/?page_id=981"},"modified":"2026-03-02T15:59:47","modified_gmt":"2026-03-02T15:59:47","slug":"dashboard","status":"publish","type":"page","link":"https:\/\/oncologie-bio.org\/?page_id=981","title":{"rendered":"Panneau de contr\u00f4le"},"content":{"rendered":"<div class=\"cstm-width\"><script>window.location.replace(\"https:\/\/oncologie-bio.org\/?page_id=986\");<\/script><br \/>\n<B>L'utilisateur doit \u00eatre connect\u00e9 pour voir le contenu.<\/B><\/p>\n<div class=\"gange-responsive-wrapper\">\n<div class=\"gange-horizontal-tabs\">\n        <a href=\"#\" class=\"active\">Panneau de contr\u00f4le<\/a><br \/>\n        <a href=\"https:\/\/oncologie-bio.org\/?page_id=987\">Changer le mot de passe<\/a><br \/>\n        <a href=\"https:\/\/oncologie-bio.org\/?page_id=982\">Historique des transactions<\/a><br \/>\n        <a href=\"https:\/\/oncologie-bio.org\/?page_id=993\">Contacter le Secr\u00e9tariat<\/a>\n    <\/div>\n<div class=\"gange-content-header\">\n<div class=\"gange-content-header-intro\">\n<h2>Bienvenue <B>L'utilisateur doit \u00eatre connect\u00e9 pour voir le contenu.<\/B><\/h2>\n<p>Veuillez s\u00e9lectionner les services ci-dessous :<\/p>\n<\/p><\/div>\n<div class=\"gange-content-header-actions\">\n            <!-- <a href=\"#\" class=\"gange-button-dashboard\">\n            <i class=\"ph-faders-bold\"><\/i>\n            <span>Filtres<\/span>\n            <\/a>  --><br \/>\n            <B>L'utilisateur doit \u00eatre connect\u00e9 pour voir le contenu.<\/B><br \/>\n            <!-- <a href=\"https:\/\/oncologie-bio.org\/?page_id=993\" class=\"gange-button-dashboard\">\n            <i class=\"ph-plus-bold\"><\/i>\n            <span>Contacter le Secr\u00e9tariat<\/span>\n            <\/a> -->\n        <\/div>\n<p> <!-- gange-content-header-actions -->\n    <\/div>\n<p> <!-- gange-content-header --><\/p>\n<div class=\"gange-content\">\n<div class=\"gange-content-panel\">\n<div class=\"gange-vertical-tabs\">\n                <br \/>\n                <br \/>\n                <br \/>\n                <br \/>\n                <br \/>\n                <br \/>\n                <br \/>\n                <br \/>\n                <br \/>\n                <br \/>\n                \n            <\/div>\n<p>  <!-- gange-vertical-tabs -->\n        <\/div>\n<p>  <!-- gange-content-panel --> <\/p>\n<div class=\"gange-content-main\">\n<div class=\"gange-card-grid\">\n<p><\/p>\n<p><!--\n\n\n                \n\n<article class=\"gange-card\">\n                    \n\n<div class=\"gange-card-header\">\n                        \n\n<div>\n                            <span><img decoding=\"async\" src=\"https:\/\/cdn.lena.events\/logos\/Gange-Registration.gif\" \/><\/span>\n                            \n\n<h3>Mon inscription<\/h3>\n\n\n                        <\/div>\n\n\n                    <\/div>\n\n\n                    \n\n<div class=\"gange-card-body\">\n                        \n\n<p>\n   <\/p>\n\n\n                    <\/div>\n\n\n                    \n\n<div class=\"gange-card-footer\">\n                       \n\n                    <\/div>\n\n\n                <\/article>\n\n\n\n                \n\n<article class=\"gange-card\">\n                    \n\n<div class=\"gange-card-header\">\n                        \n\n<div>\n                            <span><img decoding=\"async\" src=\"https:\/\/cdn.lena.events\/logos\/Gange-Hotel.gif\" \/><\/span>\n                            \n\n<h3>H\u00f4tels<\/h3>\n\n\n                        <\/div>\n\n\n                    <\/div>\n\n\n                    \n\n<div class=\"gange-card-body\">\n                        \n\n\n\n\n                    <\/div>\n\n\n                    \n\n<div class=\"gange-card-footer\">\n                        <a href=\"https:\/\/oncologie-bio.org\/?page_id=985\">Cliquez ici ><\/a>\n                    <\/div>\n\n\n                <\/article>\n\n\n\n\n             \n\n<article class=\"gange-card\">\n                    \n\n<div class=\"gange-card-header\">\n                        \n\n<div>\n                            <span><img decoding=\"async\" src=\"https:\/\/cdn.lena.events\/logos\/Gange-Intervention_red.gif\" \/><\/span>\n                            \n\n<h3>Partagez votre photo personnalis\u00e9e !<\/h3>\n\n\n                        <\/div>\n\n\n                    <\/div>\n\n\n                    \n\n<div class=\"gange-card-body\">\n                        \n\n<p>Faites savoir que vous \u00eates pr\u00eat pour le congr\u00e8s ! Interagissez avec le hashtag officiel #BIO2025 sur les r\u00e9seaux sociaux.<\/p>\n\n\n                    <\/div>\n\n\n                    \n\n<div class=\"gange-card-footer\">\n                        <a href=\"https:\/\/oncologie-bio.org\/?page_id=1547\">Cliquez ici &gt;<\/a>\n                    <\/div>\n\n\n             <\/article>\n\n\n\n                 \n\n<article class=\"gange-card\">\n                    \n\n<div class=\"gange-card-header\">\n                        \n\n<div>\n                            <span><img decoding=\"async\" src=\"https:\/\/cdn.lena.events\/logos\/Gange-Abstract.gif\" \/><\/span>\n                            \n\n<h3>Abstract<\/h3>\n\n\n                        <\/div>\n\n\n                    <\/div>\n\n\n                    \n\n<div class=\"gange-card-body\">\n                        \n\n<p>Soumettre un Abstract<\/p>\n\n\n                    <\/div>\n\n\n                    \n\n<div class=\"gange-card-footer\">\n                        <a href=\"https:\/\/oncologie-bio.org\/?page_id=1003\">Cliquez ici ><\/a>\n                    <\/div>\n\n\n                <\/article>\n\n\n\n                 \n\n<article class=\"gange-card\">\n                    \n\n<div class=\"gange-card-header\">\n                        \n\n<div>\n                            <span><img decoding=\"async\" src=\"https:\/\/cdn.lena.events\/logos\/Gange-Intervention.gif\" \/><\/span>\n                            \n\n<h3>Intervention<\/h3>\n\n\n                        <\/div>\n\n\n                    <\/div>\n\n\n                    \n\n<div class=\"gange-card-body\">\n                        \n\n<p>Soumettre un Intervention<\/p>\n\n\n                    <\/div>\n\n\n                    \n\n<div class=\"gange-card-footer\">\n                        <a href=\"https:\/\/oncologie-bio.org\/?page_id=1008\">Cliquez ici ><\/a>\n                    <\/div>\n\n\n                <\/article>\n\n\n\n                 \n\n<article class=\"gange-card\">\n                    \n\n<div class=\"gange-card-header\">\n                        \n\n<div>\n                            <span><img decoding=\"async\" src=\"https:\/\/cdn.lena.events\/logos\/Gange-Abstract.gif\" \/><\/span>\n                            \n\n<h3><\/h3>\n\n\n                        <\/div>\n\n\n                    <\/div>\n\n\n                    \n\n<div class=\"gange-card-body\">\n                        \n\n<p>Soumettre un <\/p>\n\n\n                    <\/div>\n\n\n                    \n\n<div class=\"gange-card-footer\">\n                        <a href=\"\">Cliquez ici ><\/a>\n                    <\/div>\n\n\n                <\/article>\n\n\n\n                 \n\n<article class=\"gange-card\">\n                    \n\n<div class=\"gange-card-header\">\n                        \n\n<div>\n                            <span><img decoding=\"async\" src=\"https:\/\/cdn.lena.events\/logos\/Gange-Abstract.gif\" \/><\/span>\n                            \n\n<h3><\/h3>\n\n\n                        <\/div>\n\n\n                    <\/div>\n\n\n                    \n\n<div class=\"gange-card-body\">\n                        \n\n<p>Soumettre un <\/p>\n\n\n                    <\/div>\n\n\n                    \n\n<div class=\"gange-card-footer\">\n                        <a href=\"\">Cliquez ici ><\/a>\n                    <\/div>\n\n\n                <\/article>\n\n\n                \n                \n\n<article class=\"gange-card\">\n                    \n\n<div class=\"gange-card-header\">\n                        \n\n<div>\n                            <span><img decoding=\"async\" src=\"https:\/\/cdn.lena.events\/logos\/Gange-Registration.gif\" \/><\/span>\n                            \n\n<h3>Inscription<\/h3>\n\n\n                        <\/div>\n\n\n                    <\/div>\n\n\n                    \n\n<div class=\"gange-card-body\">\n                        \n\n<p>Pour livre ou d\u00e9couverte les frais d'inscription<\/p>\n\n\n                    <\/div>\n\n\n                    \n\n<div class=\"gange-card-footer\">\n                        <a href=\"https:\/\/oncologie-bio.org\/?page_id=990\">Cliquez ici ><\/a>\n                    <\/div>\n\n\n                <\/article>\n\n\n            \n                \n\n<article class=\"gange-card\">\n                    \n\n<div class=\"gange-card-header\">\n                        \n\n<div>\n                            <span><img decoding=\"async\" src=\"https:\/\/cdn.lena.events\/logos\/Gange-Workshop.gif\" \/><\/span>\n                            \n\n<h3>Ateliers<\/h3>\n\n\n                        <\/div>\n\n\n                    <\/div>\n\n\n                    \n\n<div class=\"gange-card-body\">\n                        \n\n<p>Pour livre ou d\u00e9couverte les Ateliers<\/p>\n\n\n                    <\/div>\n\n\n                    \n\n<div class=\"gange-card-footer\">\n                        <a href=\"https:\/\/oncologie-bio.org\/?page_id=992\">Cliquez ici ><\/a>\n                    <\/div>\n\n\n                <\/article>\n\n\n            \n                \n\n<article class=\"gange-card\">\n                    \n\n<div class=\"gange-card-header\">\n                        \n\n<div>\n                            <span><img decoding=\"async\" src=\"https:\/\/cdn.lena.events\/logos\/Gange-Courses.gif\" \/><\/span>\n                            \n\n<h3>Cours<\/h3>\n\n\n                        <\/div>\n\n\n                    <\/div>\n\n\n                    \n\n<div class=\"gange-card-body\">\n                        \n\n<p>Pour livre ou d\u00e9couverte les Cours<\/p>\n\n\n                    <\/div>\n\n\n                    \n\n<div class=\"gange-card-footer\">\n                        <a href=\"https:\/\/oncologie-bio.org\/?page_id=980\">Cliquez ici ><\/a>\n                    <\/div>\n\n\n                <\/article>\n\n\n            \n                \n\n<article class=\"gange-card\">\n                    \n\n<div class=\"gange-card-header\">\n                        \n\n<div>\n                            <span><img decoding=\"async\" src=\"https:\/\/cdn.lena.events\/logos\/Gange-Social-Events.gif\" \/><\/span>\n                            \n\n<h3>\u00c9v\u00e9nements sociaux<\/h3>\n\n\n                        <\/div>\n\n\n                    <\/div>\n\n\n                    \n\n<div class=\"gange-card-body\">\n                        \n\n<p>Pour livre ou d\u00e9couverte les \u00c9v\u00e9nements sociaux<\/p>\n\n\n                    <\/div>\n\n\n                    \n\n<div class=\"gange-card-footer\">\n                        <a href=\"https:\/\/oncologie-bio.org\/?page_id=991\">Cliquez ici ><\/a>\n                    <\/div>\n\n\n                <\/article>\n\n\n            \n                \n\n<article class=\"gange-card\">\n                    \n\n<div class=\"gange-card-header\">\n                        \n\n<div>\n                            <span><img decoding=\"async\" src=\"https:\/\/cdn.lena.events\/logos\/Gange-Accompanying.gif\" \/><\/span>\n                            \n\n<h3>Accompagnants<\/h3>\n\n\n                        <\/div>\n\n\n                    <\/div>\n\n\n                    \n\n<div class=\"gange-card-body\">\n                        \n\n<p>Pour ajouter ou modifier les prestations li\u00e9es aux accompagnants<\/p>\n\n\n                    <\/div>\n\n\n                    \n\n<div class=\"gange-card-footer\">\n                        <a href=\"https:\/\/oncologie-bio.org\/?page_id=978\">Cliquez ici ><\/a>\n                    <\/div>\n\n\n                <\/article>\n\n\n            \n\n-->            <\/p><\/div>\n<p>  <!-- gange-card-grid -->\n        <\/div>\n<p> <!-- gange-content-main -->\n    <\/div>\n<p> <!-- gange-content -->\n<\/div>\n<p> <!-- gange-responsive-wrapper --><\/p>\n <script type=\"text\/javascript\"> if (typeof(f_tFlgVISA) === typeof(Function))  \tf_tFlgVISA(null);  if (typeof(f_tFlgAllergia) === typeof(Function))  \tf_tFlgAllergia(null);  if (typeof(f_IDTipologia) === typeof(Function)) {  \tvar eObjTYPE = document.getElementById(\"id_IDTipologia\");  \tf_IDTipologia(eObjTYPE);  }  if (typeof(f_IDAttivita) === typeof(Function)) {  \tvar etFlgActivity = document.getElementById(\"id_IDAttivita\");  \tf_IDAttivita(etFlgActivity);  }  if (typeof(f_IDNazionalita) === typeof(Function)) {  \tvar etFlgNazionalita = document.getElementById(\"id_IDNazionalita\");  \tf_IDNazionalita(etFlgNazionalita);  }  if (typeof(f_IndFattIDNazione) === typeof(Function))  \tf_IndFattIDNazione(null);  if (typeof(f_IDDomanda16063) === typeof(Function)) {  \tvar etFlgDomanda16063 = document.getElementById(\"id_IDDomanda16063\");  \tif (etFlgDomanda16063 != null) {  \t\tf_IDDomanda16063(etFlgDomanda16063);  \t}  }  if (typeof(f_IDDomanda16065) === typeof(Function)) {  \tvar etFlgDomanda16065 = document.getElementById(\"id_IDDomanda16065\");  \tif (etFlgDomanda16065 != null) {  \t\tf_IDDomanda16065(etFlgDomanda16065);  \t}  }  if (typeof(f_IDDomanda16067) === typeof(Function)) {  \tvar etFlgDomanda16067 = document.getElementById(\"id_IDDomanda16067\");  \tif (etFlgDomanda16067 != null) {  \t\tf_IDDomanda16067(etFlgDomanda16067);  \t}  }  if (typeof(f_IDDomanda16069) === typeof(Function)) {  \tvar etFlgDomanda16069 = document.getElementById(\"id_IDDomanda16069\");  \tif (etFlgDomanda16069 != null) {  \t\tf_IDDomanda16069(etFlgDomanda16069);  \t}  }  if (typeof(f_IDDomanda16073) === typeof(Function)) {  \tvar etFlgDomanda16073 = document.getElementById(\"id_IDDomanda16073\");  \tif (etFlgDomanda16073 != null) {  \t\tf_IDDomanda16073(etFlgDomanda16073);  \t}  }  if (typeof(f_IDDomanda16071) === typeof(Function)) {  \tvar etFlgDomanda16071 = document.getElementById(\"id_IDDomanda16071\");  \tif (etFlgDomanda16071 != null) {  \t\tf_IDDomanda16071(etFlgDomanda16071);  \t}  }  <\/script>","protected":false},"excerpt":{"rendered":"<p>L&#8217;utilisateur doit \u00eatre connect\u00e9 pour voir le contenu. Panneau de contr\u00f4le Changer le mot de passe Historique des transactions Contacter le Secr\u00e9tariat Bienvenue L&#8217;utilisateur doit \u00eatre connect\u00e9 pour voir le contenu. Veuillez s\u00e9lectionner les services ci-dessous : L&#8217;utilisateur doit \u00eatre connect\u00e9 pour voir le contenu.<\/p>\n","protected":false},"author":1,"featured_media":0,"parent":976,"menu_order":13,"comment_status":"closed","ping_status":"closed","template":"","meta":{"iawp_total_views":492,"footnotes":""},"class_list":["post-981","page","type-page","status-publish","hentry"],"_links":{"self":[{"href":"https:\/\/oncologie-bio.org\/index.php?rest_route=\/wp\/v2\/pages\/981","targetHints":{"allow":["GET"]}}],"collection":[{"href":"https:\/\/oncologie-bio.org\/index.php?rest_route=\/wp\/v2\/pages"}],"about":[{"href":"https:\/\/oncologie-bio.org\/index.php?rest_route=\/wp\/v2\/types\/page"}],"author":[{"embeddable":true,"href":"https:\/\/oncologie-bio.org\/index.php?rest_route=\/wp\/v2\/users\/1"}],"replies":[{"embeddable":true,"href":"https:\/\/oncologie-bio.org\/index.php?rest_route=%2Fwp%2Fv2%2Fcomments&post=981"}],"version-history":[{"count":28,"href":"https:\/\/oncologie-bio.org\/index.php?rest_route=\/wp\/v2\/pages\/981\/revisions"}],"predecessor-version":[{"id":1105,"href":"https:\/\/oncologie-bio.org\/index.php?rest_route=\/wp\/v2\/pages\/981\/revisions\/1105"}],"up":[{"embeddable":true,"href":"https:\/\/oncologie-bio.org\/index.php?rest_route=\/wp\/v2\/pages\/976"}],"wp:attachment":[{"href":"https:\/\/oncologie-bio.org\/index.php?rest_route=%2Fwp%2Fv2%2Fmedia&parent=981"}],"curies":[{"name":"wp","href":"https:\/\/api.w.org\/{rel}","templated":true}]}}