{"id":1506,"date":"2025-06-11T11:45:07","date_gmt":"2025-06-11T11:45:07","guid":{"rendered":"https:\/\/oncologie-bio.org\/?page_id=1506"},"modified":"2025-06-11T11:45:45","modified_gmt":"2025-06-11T11:45:45","slug":"parrainages","status":"publish","type":"page","link":"https:\/\/oncologie-bio.org\/?page_id=1506","title":{"rendered":"Parrainages"},"content":{"rendered":"<div class=\"cstm-width\">\n<table class=\"gange_style_sessionplan_nSponsor_t_2\"><tr class=\"gange_style_sessionplan_nSponsor_tr_2_Titolo\"><td class=\"gange_style_sessionplan_nSponsor_td_2_Titolo\" colspan=2><H1 class=\"gange_style_sessionplan_nSponsor_2_Titolo_11136\">-<\/H1><\/td><\/tr><tr class=\"gange_style_sessionplan_nSponsor_tr_2_tr\"><td class=\"gange_style_sessionplan_nSponsor_td_2_Photo\"><a class=\"gange_style_sessionplan_nSponsor_2_link\" target=\"_blank\" href=\"\"><img decoding=\"async\" alt=\"Association Fran\u00e7aise des Infirmier(e)s de Canc\u00e9rologie\" src=\"https:\/\/xmlapp.lenagroup.eu\/gange\/9750\/images\/189.jpg\" width=\"200\" height=\"auto\"\/><\/a><\/td><td class=\"gange_style_sessionplan_nSponsor_td_2_Info\"><SPAN class=\"gange_style_sessionplan_nSponsor_2_CompanyName\"><H1 class=\"gange_style_sessionplan_nSponsor_2_Titolo_11136\">Association Fran\u00e7aise des Infirmier(e)s de Canc\u00e9rologie<\/H1><\/SPAN><SPAN class=\"gange_style_sessionplan_nSponsor_2_info2\"><BR><SPAN class=\"gange_style_sessionplan_nSponsor_td_2_Tel\"><br><\/SPAN><a class=\"gange_style_sessionplan_nSponsor_2_link\" target=\"_blank\" href=\"\"><\/a><br><BR><SPAN class=\"gange_style_sessionplan_nSponsor_td_2_Nationality\">-<br><\/SPAN><BR><\/SPAN><\/td><\/tr><tr class=\"gange_style_sessionplan_nSponsor_tr_2_tr\"><td class=\"gange_style_sessionplan_nSponsor_td_2_Photo\"><a class=\"gange_style_sessionplan_nSponsor_2_link\" target=\"_blank\" href=\"\"><img decoding=\"async\" alt=\"Association Nationale Fran\u00e7aise des Infirmi\u00e8res en Pratique Avanc\u00e9e\" src=\"https:\/\/xmlapp.lenagroup.eu\/gange\/9750\/images\/246.png\" width=\"200\" height=\"auto\"\/><\/a><\/td><td class=\"gange_style_sessionplan_nSponsor_td_2_Info\"><SPAN class=\"gange_style_sessionplan_nSponsor_2_CompanyName\"><H1 class=\"gange_style_sessionplan_nSponsor_2_Titolo_11136\">Association Nationale Fran\u00e7aise des Infirmi\u00e8res en Pratique Avanc\u00e9e<\/H1><\/SPAN><SPAN class=\"gange_style_sessionplan_nSponsor_2_info2\"><BR><SPAN class=\"gange_style_sessionplan_nSponsor_td_2_Tel\"><br><\/SPAN><a class=\"gange_style_sessionplan_nSponsor_2_link\" target=\"_blank\" href=\"\"><\/a><br><BR><SPAN class=\"gange_style_sessionplan_nSponsor_td_2_Nationality\">-<br><\/SPAN><BR><\/SPAN><\/td><\/tr><tr class=\"gange_style_sessionplan_nSponsor_tr_2_tr\"><td class=\"gange_style_sessionplan_nSponsor_td_2_Photo\"><a class=\"gange_style_sessionplan_nSponsor_2_link\" target=\"_blank\" href=\"\"><img decoding=\"async\" alt=\"Canc\u00e9ropole Lyon Auvergne Rh\u00f4ne-Alpes\" src=\"https:\/\/xmlapp.lenagroup.eu\/gange\/9750\/images\/249.png\" width=\"200\" height=\"auto\"\/><\/a><\/td><td class=\"gange_style_sessionplan_nSponsor_td_2_Info\"><SPAN class=\"gange_style_sessionplan_nSponsor_2_CompanyName\"><H1 class=\"gange_style_sessionplan_nSponsor_2_Titolo_11136\">Canc\u00e9ropole Lyon Auvergne Rh\u00f4ne-Alpes<\/H1><\/SPAN><SPAN class=\"gange_style_sessionplan_nSponsor_2_info2\"><BR><SPAN class=\"gange_style_sessionplan_nSponsor_td_2_Tel\"><br><\/SPAN><a class=\"gange_style_sessionplan_nSponsor_2_link\" target=\"_blank\" href=\"\"><\/a><br><BR><SPAN class=\"gange_style_sessionplan_nSponsor_td_2_Nationality\">-<br><\/SPAN><BR><\/SPAN><\/td><\/tr><tr class=\"gange_style_sessionplan_nSponsor_tr_2_tr\"><td class=\"gange_style_sessionplan_nSponsor_td_2_Photo\"><a class=\"gange_style_sessionplan_nSponsor_2_link\" target=\"_blank\" href=\"\"><img decoding=\"async\" alt=\"Centre Azur\u00e9en de Canc\u00e9rologie\" src=\"https:\/\/xmlapp.lenagroup.eu\/gange\/9750\/images\/157.jpg\" width=\"200\" height=\"auto\"\/><\/a><\/td><td class=\"gange_style_sessionplan_nSponsor_td_2_Info\"><SPAN class=\"gange_style_sessionplan_nSponsor_2_CompanyName\"><H1 class=\"gange_style_sessionplan_nSponsor_2_Titolo_11136\">Centre Azur\u00e9en de Canc\u00e9rologie<\/H1><\/SPAN><SPAN class=\"gange_style_sessionplan_nSponsor_2_info2\"><BR><SPAN class=\"gange_style_sessionplan_nSponsor_td_2_Tel\"><br><\/SPAN><a class=\"gange_style_sessionplan_nSponsor_2_link\" target=\"_blank\" href=\"\"><\/a><br><BR><SPAN class=\"gange_style_sessionplan_nSponsor_td_2_Nationality\">-<br><\/SPAN><BR><\/SPAN><\/td><\/tr><tr class=\"gange_style_sessionplan_nSponsor_tr_2_tr\"><td class=\"gange_style_sessionplan_nSponsor_td_2_Photo\"><a class=\"gange_style_sessionplan_nSponsor_2_link\" target=\"_blank\" href=\"\"><img decoding=\"async\" alt=\"Dispositif Sp\u00e9cifique R\u00e9gional du Cancer Grand Est\" src=\"https:\/\/xmlapp.lenagroup.eu\/gange\/9750\/images\/256.png\" width=\"200\" height=\"auto\"\/><\/a><\/td><td class=\"gange_style_sessionplan_nSponsor_td_2_Info\"><SPAN class=\"gange_style_sessionplan_nSponsor_2_CompanyName\"><H1 class=\"gange_style_sessionplan_nSponsor_2_Titolo_11136\">Dispositif Sp\u00e9cifique R\u00e9gional du Cancer Grand Est<\/H1><\/SPAN><SPAN class=\"gange_style_sessionplan_nSponsor_2_info2\"><BR><SPAN class=\"gange_style_sessionplan_nSponsor_td_2_Tel\"><br><\/SPAN><a class=\"gange_style_sessionplan_nSponsor_2_link\" target=\"_blank\" href=\"\"><\/a><br><BR><SPAN class=\"gange_style_sessionplan_nSponsor_td_2_Nationality\">-<br><\/SPAN><BR><\/SPAN><\/td><\/tr><tr class=\"gange_style_sessionplan_nSponsor_tr_2_tr\"><td class=\"gange_style_sessionplan_nSponsor_td_2_Photo\"><a class=\"gange_style_sessionplan_nSponsor_2_link\" target=\"_blank\" href=\"\"><img decoding=\"async\" alt=\"Fondation Flavien\" src=\"https:\/\/xmlapp.lenagroup.eu\/gange\/9750\/images\/156.jpg\" width=\"200\" height=\"auto\"\/><\/a><\/td><td class=\"gange_style_sessionplan_nSponsor_td_2_Info\"><SPAN class=\"gange_style_sessionplan_nSponsor_2_CompanyName\"><H1 class=\"gange_style_sessionplan_nSponsor_2_Titolo_11136\">Fondation Flavien<\/H1><\/SPAN><SPAN class=\"gange_style_sessionplan_nSponsor_2_info2\"><BR><SPAN class=\"gange_style_sessionplan_nSponsor_td_2_Tel\"><br><\/SPAN><a class=\"gange_style_sessionplan_nSponsor_2_link\" target=\"_blank\" href=\"\"><\/a><br><BR><SPAN class=\"gange_style_sessionplan_nSponsor_td_2_Nationality\">-<br><\/SPAN><BR><\/SPAN><\/td><\/tr><tr class=\"gange_style_sessionplan_nSponsor_tr_2_tr\"><td class=\"gange_style_sessionplan_nSponsor_td_2_Photo\"><a class=\"gange_style_sessionplan_nSponsor_2_link\" target=\"_blank\" href=\"\"><img decoding=\"async\" alt=\"GEFLUC\" src=\"https:\/\/xmlapp.lenagroup.eu\/gange\/9750\/images\/187.jpg\" width=\"200\" height=\"auto\"\/><\/a><\/td><td class=\"gange_style_sessionplan_nSponsor_td_2_Info\"><SPAN class=\"gange_style_sessionplan_nSponsor_2_CompanyName\"><H1 class=\"gange_style_sessionplan_nSponsor_2_Titolo_11136\">GEFLUC<\/H1><\/SPAN><SPAN class=\"gange_style_sessionplan_nSponsor_2_info2\"><BR><SPAN class=\"gange_style_sessionplan_nSponsor_td_2_Tel\"><br><\/SPAN><a class=\"gange_style_sessionplan_nSponsor_2_link\" target=\"_blank\" href=\"\"><\/a><br><BR><SPAN class=\"gange_style_sessionplan_nSponsor_td_2_Nationality\">-<br><\/SPAN><BR><\/SPAN><\/td><\/tr><tr class=\"gange_style_sessionplan_nSponsor_tr_2_tr\"><td class=\"gange_style_sessionplan_nSponsor_td_2_Photo\"><a class=\"gange_style_sessionplan_nSponsor_2_link\" target=\"_blank\" href=\"\"><img decoding=\"async\" alt=\"Institut National du Cancer\" src=\"https:\/\/xmlapp.lenagroup.eu\/gange\/9750\/images\/181.png\" width=\"200\" height=\"auto\"\/><\/a><\/td><td class=\"gange_style_sessionplan_nSponsor_td_2_Info\"><SPAN class=\"gange_style_sessionplan_nSponsor_2_CompanyName\"><H1 class=\"gange_style_sessionplan_nSponsor_2_Titolo_11136\">Institut National du Cancer<\/H1><\/SPAN><SPAN class=\"gange_style_sessionplan_nSponsor_2_info2\"><BR><SPAN class=\"gange_style_sessionplan_nSponsor_td_2_Tel\"><br><\/SPAN><a class=\"gange_style_sessionplan_nSponsor_2_link\" target=\"_blank\" href=\"\"><\/a><br><BR><SPAN class=\"gange_style_sessionplan_nSponsor_td_2_Nationality\">-<br><\/SPAN><BR><\/SPAN><\/td><\/tr><tr class=\"gange_style_sessionplan_nSponsor_tr_2_tr\"><td class=\"gange_style_sessionplan_nSponsor_td_2_Photo\"><a class=\"gange_style_sessionplan_nSponsor_2_link\" target=\"_blank\" href=\"\"><img decoding=\"async\" alt=\"La Ligue Contre Le Cancer\" src=\"https:\/\/xmlapp.lenagroup.eu\/gange\/9750\/images\/207.png\" width=\"200\" height=\"auto\"\/><\/a><\/td><td class=\"gange_style_sessionplan_nSponsor_td_2_Info\"><SPAN class=\"gange_style_sessionplan_nSponsor_2_CompanyName\"><H1 class=\"gange_style_sessionplan_nSponsor_2_Titolo_11136\">La Ligue Contre Le Cancer<\/H1><\/SPAN><SPAN class=\"gange_style_sessionplan_nSponsor_2_info2\"><BR><SPAN class=\"gange_style_sessionplan_nSponsor_td_2_Tel\"><br><\/SPAN><a class=\"gange_style_sessionplan_nSponsor_2_link\" target=\"_blank\" href=\"\"><\/a><br><BR><SPAN class=\"gange_style_sessionplan_nSponsor_td_2_Nationality\">-<br><\/SPAN><BR><\/SPAN><\/td><\/tr><tr class=\"gange_style_sessionplan_nSponsor_tr_2_tr\"><td class=\"gange_style_sessionplan_nSponsor_td_2_Photo\"><a class=\"gange_style_sessionplan_nSponsor_2_link\" target=\"_blank\" href=\"\"><img decoding=\"async\" alt=\"ONCO BFC\" src=\"https:\/\/xmlapp.lenagroup.eu\/gange\/9750\/images\/191.png\" width=\"200\" height=\"auto\"\/><\/a><\/td><td class=\"gange_style_sessionplan_nSponsor_td_2_Info\"><SPAN class=\"gange_style_sessionplan_nSponsor_2_CompanyName\"><H1 class=\"gange_style_sessionplan_nSponsor_2_Titolo_11136\">ONCO BFC<\/H1><\/SPAN><SPAN class=\"gange_style_sessionplan_nSponsor_2_info2\"><BR><SPAN class=\"gange_style_sessionplan_nSponsor_td_2_Tel\"><br><\/SPAN><a class=\"gange_style_sessionplan_nSponsor_2_link\" target=\"_blank\" href=\"\"><\/a><br><BR><SPAN class=\"gange_style_sessionplan_nSponsor_td_2_Nationality\">-<br><\/SPAN><BR><\/SPAN><\/td><\/tr><tr class=\"gange_style_sessionplan_nSponsor_tr_2_tr\"><td class=\"gange_style_sessionplan_nSponsor_td_2_Photo\"><a class=\"gange_style_sessionplan_nSponsor_2_link\" target=\"_blank\" href=\"\"><img decoding=\"async\" alt=\"OncoPaca-Corse\" src=\"https:\/\/xmlapp.lenagroup.eu\/gange\/9750\/images\/204.jpg\" width=\"200\" height=\"auto\"\/><\/a><\/td><td class=\"gange_style_sessionplan_nSponsor_td_2_Info\"><SPAN class=\"gange_style_sessionplan_nSponsor_2_CompanyName\"><H1 class=\"gange_style_sessionplan_nSponsor_2_Titolo_11136\">OncoPaca-Corse<\/H1><\/SPAN><SPAN class=\"gange_style_sessionplan_nSponsor_2_info2\"><BR><SPAN class=\"gange_style_sessionplan_nSponsor_td_2_Tel\"><br><\/SPAN><a class=\"gange_style_sessionplan_nSponsor_2_link\" target=\"_blank\" href=\"\"><\/a><br><BR><SPAN class=\"gange_style_sessionplan_nSponsor_td_2_Nationality\">-<br><\/SPAN><BR><\/SPAN><\/td><\/tr><tr class=\"gange_style_sessionplan_nSponsor_tr_2_tr\"><td class=\"gange_style_sessionplan_nSponsor_td_2_Photo\"><a class=\"gange_style_sessionplan_nSponsor_2_link\" target=\"_blank\" href=\"\"><img decoding=\"async\" alt=\"ONCORIF\" src=\"https:\/\/xmlapp.lenagroup.eu\/gange\/9750\/images\/190.png\" width=\"200\" height=\"auto\"\/><\/a><\/td><td class=\"gange_style_sessionplan_nSponsor_td_2_Info\"><SPAN class=\"gange_style_sessionplan_nSponsor_2_CompanyName\"><H1 class=\"gange_style_sessionplan_nSponsor_2_Titolo_11136\">ONCORIF<\/H1><\/SPAN><SPAN class=\"gange_style_sessionplan_nSponsor_2_info2\"><BR><SPAN class=\"gange_style_sessionplan_nSponsor_td_2_Tel\"><br><\/SPAN><a class=\"gange_style_sessionplan_nSponsor_2_link\" target=\"_blank\" href=\"\"><\/a><br><BR><SPAN class=\"gange_style_sessionplan_nSponsor_td_2_Nationality\">-<br><\/SPAN><BR><\/SPAN><\/td><\/tr><tr class=\"gange_style_sessionplan_nSponsor_tr_2_tr\"><td class=\"gange_style_sessionplan_nSponsor_td_2_Photo\"><a class=\"gange_style_sessionplan_nSponsor_2_link\" target=\"_blank\" href=\"\"><img decoding=\"async\" alt=\"R\u00e9seau des Kin\u00e9s du Sein\" src=\"https:\/\/xmlapp.lenagroup.eu\/gange\/9750\/images\/147.png\" width=\"200\" height=\"auto\"\/><\/a><\/td><td class=\"gange_style_sessionplan_nSponsor_td_2_Info\"><SPAN class=\"gange_style_sessionplan_nSponsor_2_CompanyName\"><H1 class=\"gange_style_sessionplan_nSponsor_2_Titolo_11136\">R\u00e9seau des Kin\u00e9s du Sein<\/H1><\/SPAN><SPAN class=\"gange_style_sessionplan_nSponsor_2_info2\"><BR><SPAN class=\"gange_style_sessionplan_nSponsor_td_2_Tel\"><br><\/SPAN><a class=\"gange_style_sessionplan_nSponsor_2_link\" target=\"_blank\" href=\"\"><\/a><br><BR><SPAN class=\"gange_style_sessionplan_nSponsor_td_2_Nationality\">-<br><\/SPAN><BR><\/SPAN><\/td><\/tr><\/table>\n<\/div>\n <script type=\"text\/javascript\"> if (typeof(f_tFlgVISA) === typeof(Function))  \tf_tFlgVISA(null);  if (typeof(f_tFlgAllergia) === typeof(Function))  \tf_tFlgAllergia(null);  if (typeof(f_IDTipologia) === typeof(Function)) {  \tvar eObjTYPE = document.getElementById(\"id_IDTipologia\");  \tf_IDTipologia(eObjTYPE);  }  if (typeof(f_IDAttivita) === typeof(Function)) {  \tvar etFlgActivity = document.getElementById(\"id_IDAttivita\");  \tf_IDAttivita(etFlgActivity);  }  if (typeof(f_IDNazionalita) === typeof(Function)) {  \tvar etFlgNazionalita = document.getElementById(\"id_IDNazionalita\");  \tf_IDNazionalita(etFlgNazionalita);  }  if (typeof(f_IndFattIDNazione) === typeof(Function))  \tf_IndFattIDNazione(null);  if (typeof(f_IDDomanda16063) === typeof(Function)) {  \tvar etFlgDomanda16063 = document.getElementById(\"id_IDDomanda16063\");  \tif (etFlgDomanda16063 != null) {  \t\tf_IDDomanda16063(etFlgDomanda16063);  \t}  }  if (typeof(f_IDDomanda16065) === typeof(Function)) {  \tvar etFlgDomanda16065 = document.getElementById(\"id_IDDomanda16065\");  \tif (etFlgDomanda16065 != null) {  \t\tf_IDDomanda16065(etFlgDomanda16065);  \t}  }  if (typeof(f_IDDomanda16067) === typeof(Function)) {  \tvar etFlgDomanda16067 = document.getElementById(\"id_IDDomanda16067\");  \tif (etFlgDomanda16067 != null) {  \t\tf_IDDomanda16067(etFlgDomanda16067);  \t}  }  if (typeof(f_IDDomanda16069) === typeof(Function)) {  \tvar etFlgDomanda16069 = document.getElementById(\"id_IDDomanda16069\");  \tif (etFlgDomanda16069 != null) {  \t\tf_IDDomanda16069(etFlgDomanda16069);  \t}  }  if (typeof(f_IDDomanda16073) === typeof(Function)) {  \tvar etFlgDomanda16073 = document.getElementById(\"id_IDDomanda16073\");  \tif (etFlgDomanda16073 != null) {  \t\tf_IDDomanda16073(etFlgDomanda16073);  \t}  }  if (typeof(f_IDDomanda16071) === typeof(Function)) {  \tvar etFlgDomanda16071 = document.getElementById(\"id_IDDomanda16071\");  \tif (etFlgDomanda16071 != null) {  \t\tf_IDDomanda16071(etFlgDomanda16071);  \t}  }  <\/script>","protected":false},"excerpt":{"rendered":"<p>-Association Fran\u00e7aise des Infirmier(e)s de Canc\u00e9rologie-Association Nationale Fran\u00e7aise des Infirmi\u00e8res en Pratique Avanc\u00e9e-Canc\u00e9ropole Lyon Auvergne Rh\u00f4ne-Alpes-Centre Azur\u00e9en de Canc\u00e9rologie-Dispositif Sp\u00e9cifique R\u00e9gional du Cancer Grand Est-Fondation Flavien-GEFLUC-Institut National du Cancer-La Ligue Contre Le Cancer-ONCO BFC-OncoPaca-Corse-ONCORIF-R\u00e9seau des Kin\u00e9s du Sein-<\/p>\n","protected":false},"author":2,"featured_media":0,"parent":0,"menu_order":0,"comment_status":"closed","ping_status":"closed","template":"","meta":{"iawp_total_views":197,"footnotes":""},"class_list":["post-1506","page","type-page","status-publish","hentry"],"_links":{"self":[{"href":"https:\/\/oncologie-bio.org\/index.php?rest_route=\/wp\/v2\/pages\/1506","targetHints":{"allow":["GET"]}}],"collection":[{"href":"https:\/\/oncologie-bio.org\/index.php?rest_route=\/wp\/v2\/pages"}],"about":[{"href":"https:\/\/oncologie-bio.org\/index.php?rest_route=\/wp\/v2\/types\/page"}],"author":[{"embeddable":true,"href":"https:\/\/oncologie-bio.org\/index.php?rest_route=\/wp\/v2\/users\/2"}],"replies":[{"embeddable":true,"href":"https:\/\/oncologie-bio.org\/index.php?rest_route=%2Fwp%2Fv2%2Fcomments&post=1506"}],"version-history":[{"count":2,"href":"https:\/\/oncologie-bio.org\/index.php?rest_route=\/wp\/v2\/pages\/1506\/revisions"}],"predecessor-version":[{"id":1508,"href":"https:\/\/oncologie-bio.org\/index.php?rest_route=\/wp\/v2\/pages\/1506\/revisions\/1508"}],"wp:attachment":[{"href":"https:\/\/oncologie-bio.org\/index.php?rest_route=%2Fwp%2Fv2%2Fmedia&parent=1506"}],"curies":[{"name":"wp","href":"https:\/\/api.w.org\/{rel}","templated":true}]}}