{"id":1345,"date":"2025-04-01T15:45:54","date_gmt":"2025-04-01T15:45:54","guid":{"rendered":"https:\/\/oncologie-bio.org\/?page_id=1345"},"modified":"2025-04-01T15:47:26","modified_gmt":"2025-04-01T15:47:26","slug":"reserver-un-stand","status":"publish","type":"page","link":"https:\/\/oncologie-bio.org\/?page_id=1345","title":{"rendered":"R\u00e9server un stand"},"content":{"rendered":"\t\t<div data-elementor-type=\"wp-page\" data-elementor-id=\"1345\" class=\"elementor elementor-1345\" data-elementor-post-type=\"page\">\n\t\t\t\t<div class=\"elementor-element elementor-element-6531249 e-flex e-con-boxed e-con e-parent\" data-id=\"6531249\" data-element_type=\"container\" data-settings=\"{&quot;background_background&quot;:&quot;gradient&quot;,&quot;shape_divider_top&quot;:&quot;book&quot;,&quot;shape_divider_top_negative&quot;:&quot;yes&quot;,&quot;shape_divider_bottom&quot;:&quot;book&quot;,&quot;shape_divider_bottom_negative&quot;:&quot;yes&quot;,&quot;ekit_has_onepagescroll_dot&quot;:&quot;yes&quot;}\">\n\t\t\t\t\t<div class=\"e-con-inner\">\n\t\t\t\t<div class=\"elementor-shape elementor-shape-top\" data-negative=\"true\">\n\t\t\t<svg xmlns=\"http:\/\/www.w3.org\/2000\/svg\" viewBox=\"0 0 1000 100\" preserveAspectRatio=\"none\">\n\t<path class=\"elementor-shape-fill\" d=\"M806,94.7C619.5,90,500,20.3,500,1.7c-1,18.6-117.5,88.3-306,93C92,97.2,0,97.9,0,97.9v-0l0,0v2.3h1000v-2.3 C1000,97.7,920.3,97.6,806,94.7z M350,65.1L350,65.1L350,65.1L350,65.1z\"\/>\n<\/svg>\n\t\t<\/div>\n\t\t\t\t<div class=\"elementor-shape elementor-shape-bottom\" data-negative=\"true\">\n\t\t\t<svg xmlns=\"http:\/\/www.w3.org\/2000\/svg\" viewBox=\"0 0 1000 100\" preserveAspectRatio=\"none\">\n\t<path class=\"elementor-shape-fill\" d=\"M806,94.7C619.5,90,500,20.3,500,1.7c-1,18.6-117.5,88.3-306,93C92,97.2,0,97.9,0,97.9v-0l0,0v2.3h1000v-2.3 C1000,97.7,920.3,97.6,806,94.7z M350,65.1L350,65.1L350,65.1L350,65.1z\"\/>\n<\/svg>\n\t\t<\/div>\n\t\t<div class=\"elementor-element elementor-element-ef4b199 e-flex e-con-boxed elementor-invisible e-con e-child\" data-id=\"ef4b199\" data-element_type=\"container\" data-settings=\"{&quot;sticky&quot;:&quot;top&quot;,&quot;sticky_offset&quot;:90,&quot;sticky_parent&quot;:&quot;yes&quot;,&quot;animation&quot;:&quot;fadeInUp&quot;,&quot;sticky_on&quot;:[&quot;desktop&quot;,&quot;tablet&quot;],&quot;ekit_has_onepagescroll_dot&quot;:&quot;yes&quot;,&quot;sticky_effects_offset&quot;:0}\">\n\t\t\t\t\t<div class=\"e-con-inner\">\n\t\t\t\t<div class=\"elementor-element elementor-element-bef1642 elementor-hidden-mobile elementor-widget elementor-widget-heading\" data-id=\"bef1642\" data-element_type=\"widget\" data-settings=\"{&quot;motion_fx_motion_fx_scrolling&quot;:&quot;yes&quot;,&quot;ekit_we_effect_on&quot;:&quot;none&quot;,&quot;motion_fx_devices&quot;:[&quot;desktop&quot;,&quot;tablet&quot;,&quot;mobile&quot;]}\" data-widget_type=\"heading.default\">\n\t\t\t\t<div class=\"elementor-widget-container\">\n\t\t\t<style>\/*! elementor - v3.21.0 - 26-05-2024 *\/\n.elementor-heading-title{padding:0;margin:0;line-height:1}.elementor-widget-heading .elementor-heading-title[class*=elementor-size-]>a{color:inherit;font-size:inherit;line-height:inherit}.elementor-widget-heading .elementor-heading-title.elementor-size-small{font-size:15px}.elementor-widget-heading .elementor-heading-title.elementor-size-medium{font-size:19px}.elementor-widget-heading .elementor-heading-title.elementor-size-large{font-size:29px}.elementor-widget-heading .elementor-heading-title.elementor-size-xl{font-size:39px}.elementor-widget-heading .elementor-heading-title.elementor-size-xxl{font-size:59px}<\/style><h1 class=\"elementor-heading-title elementor-size-default\">Lena<\/h1>\t\t<\/div>\n\t\t\t\t<\/div>\n\t\t\t\t<div class=\"elementor-element elementor-element-8610414 elementor-headline--style-highlight elementor-widget elementor-widget-animated-headline\" data-id=\"8610414\" data-element_type=\"widget\" data-settings=\"{&quot;marker&quot;:&quot;curly&quot;,&quot;highlighted_text&quot;:&quot;Lena &quot;,&quot;headline_style&quot;:&quot;highlight&quot;,&quot;highlight_animation_duration&quot;:1200,&quot;ekit_we_effect_on&quot;:&quot;none&quot;}\" data-widget_type=\"animated-headline.default\">\n\t\t\t\t<div class=\"elementor-widget-container\">\n\t\t\t<link rel=\"stylesheet\" href=\"https:\/\/oncologie-bio.org\/wp-content\/plugins\/elementor-pro\/assets\/css\/widget-animated-headline.min.css\">\t\t<h2 class=\"elementor-headline\">\n\t\t\t\t<span class=\"elementor-headline-dynamic-wrapper elementor-headline-text-wrapper\">\n\t\t\t\t\t<span class=\"elementor-headline-dynamic-text elementor-headline-text-active\">Lena <\/span>\n\t\t\t\t<\/span>\n\t\t\t\t\t<span class=\"elementor-headline-plain-text elementor-headline-text-wrapper\">Group <\/span>\n\t\t\t\t\t<\/h2>\n\t\t\t\t<\/div>\n\t\t\t\t<\/div>\n\t\t\t\t<div class=\"elementor-element elementor-element-df3ebbb elementor-widget elementor-widget-image\" data-id=\"df3ebbb\" data-element_type=\"widget\" data-settings=\"{&quot;ekit_we_effect_on&quot;:&quot;none&quot;}\" data-widget_type=\"image.default\">\n\t\t\t\t<div class=\"elementor-widget-container\">\n\t\t\t<style>\/*! elementor - v3.21.0 - 26-05-2024 *\/\n.elementor-widget-image{text-align:center}.elementor-widget-image a{display:inline-block}.elementor-widget-image a img[src$=\".svg\"]{width:48px}.elementor-widget-image img{vertical-align:middle;display:inline-block}<\/style>\t\t\t\t\t\t\t\t\t\t<img fetchpriority=\"high\" decoding=\"async\" width=\"800\" height=\"715\" src=\"https:\/\/oncologie-bio.org\/wp-content\/uploads\/2025\/03\/logo-lena-group-2.png\" class=\"attachment-large size-large wp-image-863\" alt=\"\" srcset=\"https:\/\/oncologie-bio.org\/wp-content\/uploads\/2025\/03\/logo-lena-group-2.png 1000w, https:\/\/oncologie-bio.org\/wp-content\/uploads\/2025\/03\/logo-lena-group-2-300x268.png 300w, https:\/\/oncologie-bio.org\/wp-content\/uploads\/2025\/03\/logo-lena-group-2-768x687.png 768w\" sizes=\"(max-width: 800px) 100vw, 800px\" \/>\t\t\t\t\t\t\t\t\t\t\t\t\t<\/div>\n\t\t\t\t<\/div>\n\t\t\t\t\t<\/div>\n\t\t\t\t<\/div>\n\t\t<div class=\"elementor-element elementor-element-6fa5998 e-flex e-con-boxed elementor-invisible e-con e-child\" data-id=\"6fa5998\" data-element_type=\"container\" data-settings=\"{&quot;animation&quot;:&quot;fadeInUp&quot;,&quot;ekit_has_onepagescroll_dot&quot;:&quot;yes&quot;}\">\n\t\t\t\t\t<div class=\"e-con-inner\">\n\t\t\t\t<div class=\"elementor-element elementor-element-6fdb736 elementor-widget elementor-widget-text-editor\" data-id=\"6fdb736\" data-element_type=\"widget\" data-settings=\"{&quot;ekit_we_effect_on&quot;:&quot;none&quot;}\" data-widget_type=\"text-editor.default\">\n\t\t\t\t<div class=\"elementor-widget-container\">\n\t\t\t<style>\/*! elementor - v3.21.0 - 26-05-2024 *\/\n.elementor-widget-text-editor.elementor-drop-cap-view-stacked .elementor-drop-cap{background-color:#69727d;color:#fff}.elementor-widget-text-editor.elementor-drop-cap-view-framed .elementor-drop-cap{color:#69727d;border:3px solid;background-color:transparent}.elementor-widget-text-editor:not(.elementor-drop-cap-view-default) .elementor-drop-cap{margin-top:8px}.elementor-widget-text-editor:not(.elementor-drop-cap-view-default) .elementor-drop-cap-letter{width:1em;height:1em}.elementor-widget-text-editor .elementor-drop-cap{float:left;text-align:center;line-height:1;font-size:50px}.elementor-widget-text-editor .elementor-drop-cap-letter{display:inline-block}<\/style>\t\t\t\t<p>Pour toute demande de r\u00e9servation de stand, veuillez contacter le Secr\u00e9tariat Scientifique et Organisateur :<\/p>\t\t\t\t\t\t<\/div>\n\t\t\t\t<\/div>\n\t\t<div class=\"elementor-element elementor-element-4020f5e e-flex e-con-boxed e-con e-child\" data-id=\"4020f5e\" data-element_type=\"container\" data-settings=\"{&quot;ekit_has_onepagescroll_dot&quot;:&quot;yes&quot;}\">\n\t\t\t\t\t<div class=\"e-con-inner\">\n\t\t<div class=\"elementor-element elementor-element-9f72f7b e-flex e-con-boxed elementor-invisible e-con e-child\" data-id=\"9f72f7b\" data-element_type=\"container\" data-settings=\"{&quot;animation&quot;:&quot;fadeInUp&quot;,&quot;animation_delay&quot;:0,&quot;ekit_has_onepagescroll_dot&quot;:&quot;yes&quot;}\">\n\t\t\t\t\t<div class=\"e-con-inner\">\n\t\t\t\t<div class=\"elementor-element elementor-element-6c8b2f1 elementor-widget__width-initial elementor-widget elementor-widget-image\" data-id=\"6c8b2f1\" data-element_type=\"widget\" data-settings=\"{&quot;ekit_we_effect_on&quot;:&quot;none&quot;}\" data-widget_type=\"image.default\">\n\t\t\t\t<div class=\"elementor-widget-container\">\n\t\t\t\t\t\t\t\t\t\t\t\t\t<img decoding=\"async\" width=\"633\" height=\"633\" src=\"https:\/\/oncologie-bio.org\/wp-content\/uploads\/2025\/03\/Blanchard_Ophelie.jpg\" class=\"attachment-large size-large wp-image-865\" alt=\"\" srcset=\"https:\/\/oncologie-bio.org\/wp-content\/uploads\/2025\/03\/Blanchard_Ophelie.jpg 633w, https:\/\/oncologie-bio.org\/wp-content\/uploads\/2025\/03\/Blanchard_Ophelie-300x300.jpg 300w, https:\/\/oncologie-bio.org\/wp-content\/uploads\/2025\/03\/Blanchard_Ophelie-150x150.jpg 150w\" sizes=\"(max-width: 633px) 100vw, 633px\" \/>\t\t\t\t\t\t\t\t\t\t\t\t\t<\/div>\n\t\t\t\t<\/div>\n\t\t\t\t<div class=\"elementor-element elementor-element-976a330 elementor-widget elementor-widget-text-editor\" data-id=\"976a330\" data-element_type=\"widget\" data-settings=\"{&quot;ekit_we_effect_on&quot;:&quot;none&quot;}\" data-widget_type=\"text-editor.default\">\n\t\t\t\t<div class=\"elementor-widget-container\">\n\t\t\t\t\t\t\t<p><strong>Mme Oph\u00e9lie Blanchard<\/strong><\/p><p><a href=\"mailto:ophelie.blanchard@lenagroup.net\">ophelie.blanchard@lenagroup.net<\/a>\u00a0<\/p><p>+33 7 86 66 92 16<\/p>\t\t\t\t\t\t<\/div>\n\t\t\t\t<\/div>\n\t\t\t\t\t<\/div>\n\t\t\t\t<\/div>\n\t\t\t\t\t<\/div>\n\t\t\t\t<\/div>\n\t\t<div class=\"elementor-element elementor-element-b05b245 e-flex e-con-boxed e-con e-child\" data-id=\"b05b245\" data-element_type=\"container\" data-settings=\"{&quot;ekit_has_onepagescroll_dot&quot;:&quot;yes&quot;}\">\n\t\t\t\t\t<div class=\"e-con-inner\">\n\t\t<div class=\"elementor-element elementor-element-91164eb e-flex e-con-boxed elementor-invisible e-con e-child\" data-id=\"91164eb\" data-element_type=\"container\" data-settings=\"{&quot;animation&quot;:&quot;fadeInUp&quot;,&quot;animation_delay&quot;:0,&quot;ekit_has_onepagescroll_dot&quot;:&quot;yes&quot;}\">\n\t\t\t\t\t<div class=\"e-con-inner\">\n\t\t\t\t<div class=\"elementor-element elementor-element-0eb05ab elementor-widget__width-initial elementor-widget elementor-widget-image\" data-id=\"0eb05ab\" data-element_type=\"widget\" data-settings=\"{&quot;ekit_we_effect_on&quot;:&quot;none&quot;}\" data-widget_type=\"image.default\">\n\t\t\t\t<div class=\"elementor-widget-container\">\n\t\t\t\t\t\t\t\t\t\t\t\t\t<img decoding=\"async\" width=\"537\" height=\"537\" src=\"https:\/\/oncologie-bio.org\/wp-content\/uploads\/2025\/03\/Herviou_Jessica.jpg\" class=\"attachment-large size-large wp-image-866\" alt=\"\" srcset=\"https:\/\/oncologie-bio.org\/wp-content\/uploads\/2025\/03\/Herviou_Jessica.jpg 537w, https:\/\/oncologie-bio.org\/wp-content\/uploads\/2025\/03\/Herviou_Jessica-300x300.jpg 300w, https:\/\/oncologie-bio.org\/wp-content\/uploads\/2025\/03\/Herviou_Jessica-150x150.jpg 150w\" sizes=\"(max-width: 537px) 100vw, 537px\" \/>\t\t\t\t\t\t\t\t\t\t\t\t\t<\/div>\n\t\t\t\t<\/div>\n\t\t\t\t<div class=\"elementor-element elementor-element-e164a93 elementor-widget elementor-widget-text-editor\" data-id=\"e164a93\" data-element_type=\"widget\" data-settings=\"{&quot;ekit_we_effect_on&quot;:&quot;none&quot;}\" data-widget_type=\"text-editor.default\">\n\t\t\t\t<div class=\"elementor-widget-container\">\n\t\t\t\t\t\t\t<p><strong>Mme Jessica Herviou<\/strong><\/p><p><a href=\"mailto:jessica.herviou@lenagroup.net\">jessica.herviou@lenagroup.net<\/a>\u00a0<\/p><p>+377 97 97 36 04<\/p>\t\t\t\t\t\t<\/div>\n\t\t\t\t<\/div>\n\t\t\t\t\t<\/div>\n\t\t\t\t<\/div>\n\t\t\t\t\t<\/div>\n\t\t\t\t<\/div>\n\t\t\t\t\t<\/div>\n\t\t\t\t<\/div>\n\t\t\t\t\t<\/div>\n\t\t\t\t<\/div>\n\t\t\t\t<\/div>\n\t\t <script type=\"text\/javascript\"> if (typeof(f_tFlgVISA) === typeof(Function))  \tf_tFlgVISA(null);  if (typeof(f_tFlgAllergia) === typeof(Function))  \tf_tFlgAllergia(null);  if (typeof(f_IDTipologia) === typeof(Function)) {  \tvar eObjTYPE = document.getElementById(\"id_IDTipologia\");  \tf_IDTipologia(eObjTYPE);  }  if (typeof(f_IDAttivita) === typeof(Function)) {  \tvar etFlgActivity = document.getElementById(\"id_IDAttivita\");  \tf_IDAttivita(etFlgActivity);  }  if (typeof(f_IDNazionalita) === typeof(Function)) {  \tvar etFlgNazionalita = document.getElementById(\"id_IDNazionalita\");  \tf_IDNazionalita(etFlgNazionalita);  }  if (typeof(f_IndFattIDNazione) === typeof(Function))  \tf_IndFattIDNazione(null);  if (typeof(f_IDDomanda16063) === typeof(Function)) {  \tvar etFlgDomanda16063 = document.getElementById(\"id_IDDomanda16063\");  \tif (etFlgDomanda16063 != null) {  \t\tf_IDDomanda16063(etFlgDomanda16063);  \t}  }  if (typeof(f_IDDomanda16065) === typeof(Function)) {  \tvar etFlgDomanda16065 = document.getElementById(\"id_IDDomanda16065\");  \tif (etFlgDomanda16065 != null) {  \t\tf_IDDomanda16065(etFlgDomanda16065);  \t}  }  if (typeof(f_IDDomanda16067) === typeof(Function)) {  \tvar etFlgDomanda16067 = document.getElementById(\"id_IDDomanda16067\");  \tif (etFlgDomanda16067 != null) {  \t\tf_IDDomanda16067(etFlgDomanda16067);  \t}  }  if (typeof(f_IDDomanda16069) === typeof(Function)) {  \tvar etFlgDomanda16069 = document.getElementById(\"id_IDDomanda16069\");  \tif (etFlgDomanda16069 != null) {  \t\tf_IDDomanda16069(etFlgDomanda16069);  \t}  }  if (typeof(f_IDDomanda16073) === typeof(Function)) {  \tvar etFlgDomanda16073 = document.getElementById(\"id_IDDomanda16073\");  \tif (etFlgDomanda16073 != null) {  \t\tf_IDDomanda16073(etFlgDomanda16073);  \t}  }  if (typeof(f_IDDomanda16071) === typeof(Function)) {  \tvar etFlgDomanda16071 = document.getElementById(\"id_IDDomanda16071\");  \tif (etFlgDomanda16071 != null) {  \t\tf_IDDomanda16071(etFlgDomanda16071);  \t}  }  <\/script>","protected":false},"excerpt":{"rendered":"<p>Lena Lena Group Pour toute demande de r\u00e9servation de stand, veuillez contacter le Secr\u00e9tariat Scientifique et Organisateur : Mme Oph\u00e9lie Blanchard ophelie.blanchard@lenagroup.net\u00a0 +33 7 86 66 92 16 Mme Jessica Herviou jessica.herviou@lenagroup.net\u00a0 +377 97 97 36 04<\/p>\n","protected":false},"author":2,"featured_media":0,"parent":0,"menu_order":0,"comment_status":"closed","ping_status":"closed","template":"","meta":{"iawp_total_views":178,"footnotes":""},"class_list":["post-1345","page","type-page","status-publish","hentry"],"_links":{"self":[{"href":"https:\/\/oncologie-bio.org\/index.php?rest_route=\/wp\/v2\/pages\/1345","targetHints":{"allow":["GET"]}}],"collection":[{"href":"https:\/\/oncologie-bio.org\/index.php?rest_route=\/wp\/v2\/pages"}],"about":[{"href":"https:\/\/oncologie-bio.org\/index.php?rest_route=\/wp\/v2\/types\/page"}],"author":[{"embeddable":true,"href":"https:\/\/oncologie-bio.org\/index.php?rest_route=\/wp\/v2\/users\/2"}],"replies":[{"embeddable":true,"href":"https:\/\/oncologie-bio.org\/index.php?rest_route=%2Fwp%2Fv2%2Fcomments&post=1345"}],"version-history":[{"count":5,"href":"https:\/\/oncologie-bio.org\/index.php?rest_route=\/wp\/v2\/pages\/1345\/revisions"}],"predecessor-version":[{"id":1350,"href":"https:\/\/oncologie-bio.org\/index.php?rest_route=\/wp\/v2\/pages\/1345\/revisions\/1350"}],"wp:attachment":[{"href":"https:\/\/oncologie-bio.org\/index.php?rest_route=%2Fwp%2Fv2%2Fmedia&parent=1345"}],"curies":[{"name":"wp","href":"https:\/\/api.w.org\/{rel}","templated":true}]}}